{"id":357,"date":"2015-03-20T09:59:59","date_gmt":"2015-03-20T08:59:59","guid":{"rendered":"https:\/\/www.dizzymallone.com\/?page_id=357"},"modified":"2015-03-25T14:25:44","modified_gmt":"2015-03-25T13:25:44","slug":"standards","status":"publish","type":"page","link":"https:\/\/www.dizzymallone.com\/en\/standards","title":{"rendered":"Standards"},"content":{"rendered":"<div  class='flex_column av-av_one_full-2a9015ff38129c418a3f2eafba3e9512 av_one_full  avia-builder-el-0  avia-builder-el-no-sibling  first flex_column_div  '     ><section  class='av_textblock_section av-av_textblock-0366cc7376be6c9e82a3e9cc8987b64f '   itemscope=\"itemscope\" itemtype=\"https:\/\/schema.org\/CreativeWork\" ><div class='avia_textblock'  itemprop=\"text\" ><h2>Marcatura per I dispositivi di protezione individuale (DPI)<\/h2>\n<p>I dispositivi di protezione individuale (DPI) proteggono la persona dai rischi che possono insorgere sul luogo di lavoro, nell\u2019ambiente domestico o durante il tempo libero. Nel contesto lavorativo, sono strumenti utili a garantire quello che l\u2019UE considera un diritto fondamentale: il diritto alla salute e alla sicurezza sul luogo di lavoro.<\/p>\n<p>La politica dell\u2019Unione europea relativa ai DPI mira a definire i requisiti essenziali in materia di salute e sicurezza che dovranno essere rispettati dai produttori e a rimuovere gli ostacoli agli scambi per questi prodotti nel mercato interno.<\/p>\n<p>La presenza della marcatura CE sui DPI certifica che rispettano le prescrizioni armonizzate e che possono essere venduti ovunque all\u2019interno dello Spazio economico europeo. Questa regola si applica anche a prodotti realizzati in paesi terzi.<\/p>\n<p>La marcatura CE e la Direttiva sui dispositivi di protezione individuale<\/p>\n<p>La Direttiva 89\/686\/CEE definisce i DPI come \u201cqualsiasi dispositivo o articolo destinato a essere indossato o tenuto da una persona affinch\u00e9 essa sia protetta nei confronti di uno o pi\u00f9 rischi che potrebbero metterne in pericolo la salute e la sicurezza\u201d.<\/p>\n<p>La Direttiva fa una distinzione tra DPI di \u201cprogettazione semplice\u201d, DPI di \u201cprogettazione complessa\u201d e DPI che non rientrano nelle suddette categorie e che costituiscono una terza categoria. Sebbene la Direttiva non definisca esplicitamente questi tre gruppi come Categorie, \u00e8 pratica comune denominarli rispettivamente categoria I, III e II.<\/p>\n<p><strong>La Categoria I<\/strong> comprende tutti i DPI utilizzati per la protezione contro rischi minimi, per i quali l\u2019utente pu\u00f2 valutare il livello di protezione necessario o gli effetti sono graduali e possono essere tempestivamente identificati dall\u2019utilizzatore. Tra i tanti prodotti che appartengono a questa categoria sono inclusi occhiali da sole, guanti da giardinaggio e ditali per cucire.<\/p>\n<p><strong>La Categoria III<\/strong> comprende tutti i DPI utilizzati per la protezione contro rischi mortali o contro rischi che potrebbero danneggiare gravemente ed irreversibilmente la salute, oppure i dispositivi da utilizzare nelle situazioni in cui gli effetti non possono essere identificati in tempo sufficiente. Nella categoria rientrano, ad esempio, i respiratori e gli equipaggiamenti anticaduta.<\/p>\n<p><strong>La Categoria II<\/strong> comprende i DPI che proteggono contro un livello di rischio &#8216;normale&#8217;, quali protezioni per il capo, per il volto, protettori auricolari, protezioni oculari, indumenti, scarpe e guanti.<\/p>\n<p><strong>Attestato di certificazione CE<\/strong><\/p>\n<p>L&#8217;attestato di certificazione CE \u00e8 l&#8217;atto con il quale un organismo di controllo autorizzato attesta che un modello di DPI \u00e8 stato realizzato in conformit\u00e0 alle disposizioni della Direttiva Europea e alle norme tecniche armonizzate (UNI EN) di riferimento adottate nella progettazione e quindi nella realizzazione del DPI.<\/p>\n<p>Una volta ottenuta l\u2019attestato di certificazione CE, il costruttore e\/o distributore pu\u00f2\u00a0 apporre la marcatura CE sul prodotto e ne consente la libera circolazione negli stati membri della Comunit\u00e0 Europea.<\/p>\n<p>Nei DPI di III categoria il marchio CE deve essere obbligatoriamente seguito da un numero a 4 cifre che identifica l\u2019organismo che interviene nella fase di controllo della produzione del DPI.<\/p>\n<h2>Normative<\/h2>\n<h3>EN ISO 13688:2013<\/h3>\n<p>Indumenti di protezione &#8211; Requisiti generali. Vengono disciplinati i requisiti generali per ergonomia, invecchiamento, taglie e marcatura degli indumenti di protezione. I capi devono essere progettati e fabbricati offrendo al portatore il massimo grado di comfort. Le componenti e i materiali utilizzati non devono causare effetti indesiderati all\u2019utilizzatore, quali allergie, irritazioni o lesioni. La gamma di taglie deve essere rappresentativa delle misure del corpo.<\/p>\n<h3>EN ISO 20471:2013<\/h3>\n<p><img loading=\"lazy\" decoding=\"async\" class=\" size-full wp-image-368 alignright\" src=\"https:\/\/www.dizzymallone.com\/wp-content\/uploads\/icon-EN20471.png\" alt=\"icon-EN20471\" width=\"49\" height=\"60\" \/>Indumenti di segnalazione ad alta visibilit\u00e0 per uso professionale &#8211; Requisiti e metodi di prova Ogni indumento alta visibilit\u00e0 \u00e8 certificato secondo la tabella di cui sotto in base alle aree minime di materiale fluorescente, che permette maggiore visibilit\u00e0 di giorno, e banda retroriflettente della luce artificiale (fari di automobile) che permette maggiore visibilit\u00e0 di notte. X: classe dell\u2019area del materiale di fondo e retroriflettente (vedi tabella 1, classe da 1 a 3)<\/p>\n<table>\n<tbody>\n<tr>\n<td width=\"206\">AREE MINIME DI MATERIALE VISIBILE<\/td>\n<td width=\"123\">Indumenti di classe 3<\/td>\n<td width=\"132\">Indumenti di classe 2<\/td>\n<td width=\"132\">Indumenti di classe 1<\/td>\n<\/tr>\n<tr>\n<td width=\"206\">Materiale di fondo fluorescente (m2)<\/td>\n<td width=\"123\">0,80 m2<\/td>\n<td width=\"132\">0,50 m2<\/td>\n<td width=\"132\">0,14 m2<\/td>\n<\/tr>\n<tr>\n<td width=\"206\">Materiale retroriflettente (m2)<\/td>\n<td width=\"123\">0,20 m2<\/td>\n<td width=\"132\">0,13 m2<\/td>\n<td width=\"132\">0,10 m2<\/td>\n<\/tr>\n<\/tbody>\n<\/table>\n<p>La norma prevede di abbinare a completo due capi certificati alta visibilit\u00e0 in modo tale da raggiungere una classe superiore, alla quale corrisponde un maggiore livello di protezione<\/p>\n<h3>UNI EN 343:2008<\/h3>\n<p><img loading=\"lazy\" decoding=\"async\" class=\"alignleft size-full wp-image-372\" src=\"https:\/\/www.dizzymallone.com\/wp-content\/uploads\/icon-343-2008.png\" alt=\"icon-343-2008\" width=\"43\" height=\"60\" \/>Indumenti di protezione &#8211; protezione contro la pioggia X Y Questa normativa specifica i requisiti applicabili ai materiali e alle cuciture degli indumenti di \u00a0\u00a0\u00a0\u00a0\u00a0\u00a0\u00a0protezione dalle influenze delle precipitazioni (pioggia, neve), nebbia e umidit\u00e0 del suolo. I capi sono progettati e costruiti utilizzando materiali impermeabili e traspiranti, prestando particolare attenzione alla sigillatura di tutte le cuciture, per garantire un ottimo livello di comfort. X: classe di impermeabilit\u00e0 del capo (classe da 1 a 3) Y: classe di traspirabilit\u00e0 del capo (classe da 1 a 3)<\/p>\n<h3>REACH<\/h3>\n<p>Allo scopo di tutelare la salute dei consumatori, l\u2019Unione Europea ha emanato il Regolamento Reach (entrato in vigore il 1\u00b0 Giugno 2007) che vieta l\u2019utilizzo di talune sostanze chimiche. Dizzy Mallone\u00a0 garantisce la conformit\u00e0 al Regolamento Reach di tutti i capi; essi non contengono sostanze vietate o limitate (Ammine aromatiche e 4-aminoazobenzene derivate da azocoloranti, metalli pesanti, ftalati, ecc) e, per garantire ci\u00f2, vengono effettuati controlli su tutti i tessuti e accessori utilizzati durante le fasi di produzione.<\/p>\n<\/div><\/section><\/div>\n","protected":false},"excerpt":{"rendered":"","protected":false},"author":2,"featured_media":0,"parent":0,"menu_order":0,"comment_status":"closed","ping_status":"closed","template":"","meta":{"_monsterinsights_skip_tracking":false,"_monsterinsights_sitenote_active":false,"_monsterinsights_sitenote_note":"","_monsterinsights_sitenote_category":0,"_uf_show_specific_survey":0,"_uf_disable_surveys":false,"footnotes":""},"class_list":["post-357","page","type-page","status-publish","hentry"],"yoast_head":"<!-- This site is optimized with the Yoast SEO plugin v27.5 - https:\/\/yoast.com\/product\/yoast-seo-wordpress\/ -->\n<title>Standards - Dizzy Mallone<\/title>\n<meta name=\"robots\" content=\"index, follow, max-snippet:-1, max-image-preview:large, max-video-preview:-1\" \/>\n<link rel=\"canonical\" href=\"https:\/\/www.dizzymallone.com\/en\/standards\" \/>\n<meta property=\"og:locale\" content=\"en_US\" \/>\n<meta property=\"og:type\" content=\"article\" \/>\n<meta property=\"og:title\" content=\"Standards - Dizzy Mallone\" \/>\n<meta property=\"og:url\" content=\"https:\/\/www.dizzymallone.com\/en\/standards\" \/>\n<meta property=\"og:site_name\" content=\"Dizzy Mallone\" \/>\n<meta property=\"article:modified_time\" content=\"2015-03-25T13:25:44+00:00\" \/>\n<meta property=\"og:image\" content=\"https:\/\/www.dizzymallone.com\/wp-content\/uploads\/icon-EN20471.png\" \/>\n<meta name=\"twitter:label1\" content=\"Est. reading time\" \/>\n\t<meta name=\"twitter:data1\" content=\"4 minutes\" \/>\n<script type=\"application\/ld+json\" class=\"yoast-schema-graph\">{\"@context\":\"https:\\\/\\\/schema.org\",\"@graph\":[{\"@type\":\"WebPage\",\"@id\":\"https:\\\/\\\/www.dizzymallone.com\\\/en\\\/standards\",\"url\":\"https:\\\/\\\/www.dizzymallone.com\\\/en\\\/standards\",\"name\":\"Standards - Dizzy Mallone\",\"isPartOf\":{\"@id\":\"https:\\\/\\\/www.dizzymallone.com\\\/en#website\"},\"primaryImageOfPage\":{\"@id\":\"https:\\\/\\\/www.dizzymallone.com\\\/en\\\/standards#primaryimage\"},\"image\":{\"@id\":\"https:\\\/\\\/www.dizzymallone.com\\\/en\\\/standards#primaryimage\"},\"thumbnailUrl\":\"https:\\\/\\\/www.dizzymallone.com\\\/wp-content\\\/uploads\\\/icon-EN20471.png\",\"datePublished\":\"2015-03-20T08:59:59+00:00\",\"dateModified\":\"2015-03-25T13:25:44+00:00\",\"breadcrumb\":{\"@id\":\"https:\\\/\\\/www.dizzymallone.com\\\/en\\\/standards#breadcrumb\"},\"inLanguage\":\"en-US\",\"potentialAction\":[{\"@type\":\"ReadAction\",\"target\":[\"https:\\\/\\\/www.dizzymallone.com\\\/en\\\/standards\"]}]},{\"@type\":\"ImageObject\",\"inLanguage\":\"en-US\",\"@id\":\"https:\\\/\\\/www.dizzymallone.com\\\/en\\\/standards#primaryimage\",\"url\":\"https:\\\/\\\/www.dizzymallone.com\\\/wp-content\\\/uploads\\\/icon-EN20471.png\",\"contentUrl\":\"https:\\\/\\\/www.dizzymallone.com\\\/wp-content\\\/uploads\\\/icon-EN20471.png\"},{\"@type\":\"BreadcrumbList\",\"@id\":\"https:\\\/\\\/www.dizzymallone.com\\\/en\\\/standards#breadcrumb\",\"itemListElement\":[{\"@type\":\"ListItem\",\"position\":1,\"name\":\"Home\",\"item\":\"https:\\\/\\\/www.dizzymallone.com\\\/en\"},{\"@type\":\"ListItem\",\"position\":2,\"name\":\"Standards\"}]},{\"@type\":\"WebSite\",\"@id\":\"https:\\\/\\\/www.dizzymallone.com\\\/en#website\",\"url\":\"https:\\\/\\\/www.dizzymallone.com\\\/en\",\"name\":\"Dizzy Mallone\",\"description\":\"Making unique your company workwear!\",\"publisher\":{\"@id\":\"https:\\\/\\\/www.dizzymallone.com\\\/en#organization\"},\"potentialAction\":[{\"@type\":\"SearchAction\",\"target\":{\"@type\":\"EntryPoint\",\"urlTemplate\":\"https:\\\/\\\/www.dizzymallone.com\\\/en?s={search_term_string}\"},\"query-input\":{\"@type\":\"PropertyValueSpecification\",\"valueRequired\":true,\"valueName\":\"search_term_string\"}}],\"inLanguage\":\"en-US\"},{\"@type\":\"Organization\",\"@id\":\"https:\\\/\\\/www.dizzymallone.com\\\/en#organization\",\"name\":\"Dizzy Mallone\",\"url\":\"https:\\\/\\\/www.dizzymallone.com\\\/en\",\"logo\":{\"@type\":\"ImageObject\",\"inLanguage\":\"en-US\",\"@id\":\"https:\\\/\\\/www.dizzymallone.com\\\/en#\\\/schema\\\/logo\\\/image\\\/\",\"url\":\"https:\\\/\\\/www.dizzymallone.com\\\/wp-content\\\/uploads\\\/logo-dizzymallone.png\",\"contentUrl\":\"https:\\\/\\\/www.dizzymallone.com\\\/wp-content\\\/uploads\\\/logo-dizzymallone.png\",\"width\":407,\"height\":121,\"caption\":\"Dizzy Mallone\"},\"image\":{\"@id\":\"https:\\\/\\\/www.dizzymallone.com\\\/en#\\\/schema\\\/logo\\\/image\\\/\"}}]}<\/script>\n<!-- \/ Yoast SEO plugin. -->","yoast_head_json":{"title":"Standards - Dizzy Mallone","robots":{"index":"index","follow":"follow","max-snippet":"max-snippet:-1","max-image-preview":"max-image-preview:large","max-video-preview":"max-video-preview:-1"},"canonical":"https:\/\/www.dizzymallone.com\/en\/standards","og_locale":"en_US","og_type":"article","og_title":"Standards - Dizzy Mallone","og_url":"https:\/\/www.dizzymallone.com\/en\/standards","og_site_name":"Dizzy Mallone","article_modified_time":"2015-03-25T13:25:44+00:00","og_image":[{"url":"https:\/\/www.dizzymallone.com\/wp-content\/uploads\/icon-EN20471.png","type":"","width":"","height":""}],"twitter_misc":{"Est. reading time":"4 minutes"},"schema":{"@context":"https:\/\/schema.org","@graph":[{"@type":"WebPage","@id":"https:\/\/www.dizzymallone.com\/en\/standards","url":"https:\/\/www.dizzymallone.com\/en\/standards","name":"Standards - Dizzy Mallone","isPartOf":{"@id":"https:\/\/www.dizzymallone.com\/en#website"},"primaryImageOfPage":{"@id":"https:\/\/www.dizzymallone.com\/en\/standards#primaryimage"},"image":{"@id":"https:\/\/www.dizzymallone.com\/en\/standards#primaryimage"},"thumbnailUrl":"https:\/\/www.dizzymallone.com\/wp-content\/uploads\/icon-EN20471.png","datePublished":"2015-03-20T08:59:59+00:00","dateModified":"2015-03-25T13:25:44+00:00","breadcrumb":{"@id":"https:\/\/www.dizzymallone.com\/en\/standards#breadcrumb"},"inLanguage":"en-US","potentialAction":[{"@type":"ReadAction","target":["https:\/\/www.dizzymallone.com\/en\/standards"]}]},{"@type":"ImageObject","inLanguage":"en-US","@id":"https:\/\/www.dizzymallone.com\/en\/standards#primaryimage","url":"https:\/\/www.dizzymallone.com\/wp-content\/uploads\/icon-EN20471.png","contentUrl":"https:\/\/www.dizzymallone.com\/wp-content\/uploads\/icon-EN20471.png"},{"@type":"BreadcrumbList","@id":"https:\/\/www.dizzymallone.com\/en\/standards#breadcrumb","itemListElement":[{"@type":"ListItem","position":1,"name":"Home","item":"https:\/\/www.dizzymallone.com\/en"},{"@type":"ListItem","position":2,"name":"Standards"}]},{"@type":"WebSite","@id":"https:\/\/www.dizzymallone.com\/en#website","url":"https:\/\/www.dizzymallone.com\/en","name":"Dizzy Mallone","description":"Making unique your company workwear!","publisher":{"@id":"https:\/\/www.dizzymallone.com\/en#organization"},"potentialAction":[{"@type":"SearchAction","target":{"@type":"EntryPoint","urlTemplate":"https:\/\/www.dizzymallone.com\/en?s={search_term_string}"},"query-input":{"@type":"PropertyValueSpecification","valueRequired":true,"valueName":"search_term_string"}}],"inLanguage":"en-US"},{"@type":"Organization","@id":"https:\/\/www.dizzymallone.com\/en#organization","name":"Dizzy Mallone","url":"https:\/\/www.dizzymallone.com\/en","logo":{"@type":"ImageObject","inLanguage":"en-US","@id":"https:\/\/www.dizzymallone.com\/en#\/schema\/logo\/image\/","url":"https:\/\/www.dizzymallone.com\/wp-content\/uploads\/logo-dizzymallone.png","contentUrl":"https:\/\/www.dizzymallone.com\/wp-content\/uploads\/logo-dizzymallone.png","width":407,"height":121,"caption":"Dizzy Mallone"},"image":{"@id":"https:\/\/www.dizzymallone.com\/en#\/schema\/logo\/image\/"}}]}},"_links":{"self":[{"href":"https:\/\/www.dizzymallone.com\/en\/wp-json\/wp\/v2\/pages\/357","targetHints":{"allow":["GET"]}}],"collection":[{"href":"https:\/\/www.dizzymallone.com\/en\/wp-json\/wp\/v2\/pages"}],"about":[{"href":"https:\/\/www.dizzymallone.com\/en\/wp-json\/wp\/v2\/types\/page"}],"author":[{"embeddable":true,"href":"https:\/\/www.dizzymallone.com\/en\/wp-json\/wp\/v2\/users\/2"}],"replies":[{"embeddable":true,"href":"https:\/\/www.dizzymallone.com\/en\/wp-json\/wp\/v2\/comments?post=357"}],"version-history":[{"count":6,"href":"https:\/\/www.dizzymallone.com\/en\/wp-json\/wp\/v2\/pages\/357\/revisions"}],"predecessor-version":[{"id":795,"href":"https:\/\/www.dizzymallone.com\/en\/wp-json\/wp\/v2\/pages\/357\/revisions\/795"}],"wp:attachment":[{"href":"https:\/\/www.dizzymallone.com\/en\/wp-json\/wp\/v2\/media?parent=357"}],"curies":[{"name":"wp","href":"https:\/\/api.w.org\/{rel}","templated":true}]}}